{"id":20,"date":"2024-04-17T11:33:34","date_gmt":"2024-04-17T09:33:34","guid":{"rendered":"https:\/\/praks.sk\/?page_id=20"},"modified":"2026-01-26T16:07:40","modified_gmt":"2026-01-26T15:07:40","slug":"home","status":"publish","type":"page","link":"https:\/\/praks.sk\/en\/","title":{"rendered":"Homepage"},"content":{"rendered":"<figure class=\"wp-block-image aligncenter size-large is-resized\"><img loading=\"lazy\" decoding=\"async\" width=\"1024\" height=\"683\" src=\"https:\/\/praks.sk\/wp-content\/uploads\/2024\/05\/Spolocna-fotka-na-titulnu-stranu-1024x683.jpg\" alt=\"\" class=\"wp-image-323\" style=\"width:564px;height:auto\" srcset=\"https:\/\/praks.sk\/wp-content\/uploads\/2024\/05\/Spolocna-fotka-na-titulnu-stranu-1024x683.jpg 1024w, https:\/\/praks.sk\/wp-content\/uploads\/2024\/05\/Spolocna-fotka-na-titulnu-stranu-300x200.jpg 300w, https:\/\/praks.sk\/wp-content\/uploads\/2024\/05\/Spolocna-fotka-na-titulnu-stranu-768x512.jpg 768w, https:\/\/praks.sk\/wp-content\/uploads\/2024\/05\/Spolocna-fotka-na-titulnu-stranu-1536x1024.jpg 1536w, https:\/\/praks.sk\/wp-content\/uploads\/2024\/05\/Spolocna-fotka-na-titulnu-stranu-2048x1365.jpg 2048w, https:\/\/praks.sk\/wp-content\/uploads\/2024\/05\/Spolocna-fotka-na-titulnu-stranu-18x12.jpg 18w\" sizes=\"auto, (max-width: 1024px) 100vw, 1024px\" \/><\/figure>\n\n\n\n<p class=\"has-text-align-center\"><\/p>\n\n\n\n<p class=\"has-contrast-3-color has-text-color has-link-color has-medium-font-size wp-elements-5bc31515bac591a1383a878b0c994a17\"><br>In architecture, practice, in the true sense of the word, is primarily work on projects from the comfort of the office. The PRAKS civic association focuses on the tangible aspect of architecture through student workshops. The goal is to familiarize participants with the practical side of architecture, deepen their relationship with it through active work on the realization of a project, and raise awareness about environmentally responsible design. The practical part of the workshops is complemented by thematic lectures.<\/p>\n\n\n\n<p class=\"has-contrast-3-color has-text-color has-link-color has-medium-font-size wp-elements-838dd5396bd5c6b7a4f1c9a7ec067076\">We welcome imperfections with joy, as we learn from mistakes. We enjoy experimentation and emphasize its value. We primarily choose environmentally friendly materials, processes, and scales. We think in terms of minimizing new resources, reusing existing ones, and recycling what may seem unnecessary. For the projects we implement, we select various locations, where we intervene with sensitivity through new additions.<\/p>\n\n\n\n<p class=\"has-contrast-3-color has-text-color has-link-color wp-elements-40721ec8620660ad54504a3f64d4b7ac\">The civic association was founded as a result of the work of our professional trio (Matthias, Robert, Vikt\u00f3ria) at universities, in research and scientific activities, in pedagogy, and in practice. As part of our work, we explore and work with traditional and local materials that have a low embodied carbon footprint. We have experience participating in various domestic and international competitions and workshops, both as participants and as instructors. From our observation and involvement in the university teaching process, we concluded that students are missing fieldwork, yet opportunities to improve practical skills are minimal. This is why we decided to regularly organize the PRAKS workshop.<\/p>","protected":false},"excerpt":{"rendered":"<p>V architekt\u00fare je prax, v pravom slova zmysle, preva\u017ene pr\u00e1ca na projektoch z pohodlia kancel\u00e1rie. Ob\u010dianske zdru\u017eenie PRAKS sa prostredn\u00edctvom \u0161tudentsk\u00fdch workshopov zameriava na hmatate\u013en\u00fa rovinu architekt\u00fary. Cie\u013eom je obozn\u00e1menie sa s praktickou str\u00e1nkou architekt\u00fary, prehlbovanie vz\u0165ahu k nej akt\u00edvnou pr\u00e1cou na realiz\u00e1cii diela a zvy\u0161ovanie povedomia o environment\u00e1lne zodpovednej tvorbe. Praktick\u00e1 \u010das\u0165 workshopov je [&hellip;]<\/p>","protected":false},"author":1,"featured_media":0,"parent":0,"menu_order":0,"comment_status":"closed","ping_status":"closed","template":"","meta":{"_acf_changed":false,"footnotes":""},"class_list":["post-20","page","type-page","status-publish","hentry"],"acf":[],"_links":{"self":[{"href":"https:\/\/praks.sk\/en\/wp-json\/wp\/v2\/pages\/20","targetHints":{"allow":["GET"]}}],"collection":[{"href":"https:\/\/praks.sk\/en\/wp-json\/wp\/v2\/pages"}],"about":[{"href":"https:\/\/praks.sk\/en\/wp-json\/wp\/v2\/types\/page"}],"author":[{"embeddable":true,"href":"https:\/\/praks.sk\/en\/wp-json\/wp\/v2\/users\/1"}],"replies":[{"embeddable":true,"href":"https:\/\/praks.sk\/en\/wp-json\/wp\/v2\/comments?post=20"}],"version-history":[{"count":46,"href":"https:\/\/praks.sk\/en\/wp-json\/wp\/v2\/pages\/20\/revisions"}],"predecessor-version":[{"id":787,"href":"https:\/\/praks.sk\/en\/wp-json\/wp\/v2\/pages\/20\/revisions\/787"}],"wp:attachment":[{"href":"https:\/\/praks.sk\/en\/wp-json\/wp\/v2\/media?parent=20"}],"curies":[{"name":"wp","href":"https:\/\/api.w.org\/{rel}","templated":true}]}}